{"id":4987,"date":"2025-03-28T16:17:58","date_gmt":"2025-03-28T16:17:58","guid":{"rendered":"https:\/\/montedouro.pt\/sobre-nos\/"},"modified":"2026-04-13T00:10:25","modified_gmt":"2026-04-13T00:10:25","slug":"sobre-nos","status":"publish","type":"page","link":"https:\/\/montedouro.pt\/pt-pt\/sobre-nos\/","title":{"rendered":"Sobre n\u00f3s"},"content":{"rendered":"\n<div class=\"wp-block-columns has-3-columns is-layout-flex wp-container-core-columns-is-layout-28f84493 wp-block-columns-is-layout-flex\">\n<div class=\"wp-block-column is-layout-flow wp-block-column-is-layout-flow\">\n<div class=\"wp-block-getwid-advanced-heading\"><h2 class=\"wp-block-getwid-advanced-heading__content\" style=\"font-family:&quot;Caudex&quot;;font-weight:normal\">Uma viagem de bem-estar, relaxamento e recupera\u00e7\u00e3o de energia <\/h2><\/div>\n<\/div>\n\n\n\n<div class=\"wp-block-column is-layout-flow wp-block-column-is-layout-flow\">\n<p>No Monte D&#8217;Ouro, acreditamos no poder transformador da natureza e da tranquilidade. A nossa experi\u00eancia de retiro \u00e9 cuidadosamente pensada para te ajudar a desligar do stress e a reconectar-te com a tua paz interior. <\/p>\n<\/div>\n\n\n\n<div class=\"wp-block-column is-layout-flow wp-block-column-is-layout-flow\">\n<p>Onde a serenidade da serra se encontra com a beleza da costa, no cora\u00e7\u00e3o de Sesimbra, envolve-te em pr\u00e1ticas conscientes, incluindo medita\u00e7\u00e3o, caminhadas na natureza e momentos de contempla\u00e7\u00e3o no teu terra\u00e7o privado. Reconecta-te contigo e com o mundo natural. <\/p>\n<\/div>\n<\/div>\n\n\n\n<div style=\"height:40px\" aria-hidden=\"true\" class=\"wp-block-spacer\"><\/div>\n\n\n\n<div class=\"wp-block-columns has-2-columns is-layout-flex wp-container-core-columns-is-layout-28f84493 wp-block-columns-is-layout-flex\">\n<div class=\"wp-block-column is-layout-flow wp-block-column-is-layout-flow\">\n<figure class=\"wp-block-image size-full\"><img loading=\"lazy\" decoding=\"async\" width=\"1200\" height=\"1600\" src=\"https:\/\/montedouro.pt\/wp-content\/uploads\/2026\/03\/Monte-d-ouro-house3.jpeg\" alt=\"\" class=\"wp-image-4565\" style=\"aspect-ratio:1;object-fit:cover\" srcset=\"https:\/\/montedouro.pt\/wp-content\/uploads\/2026\/03\/Monte-d-ouro-house3.jpeg 1200w, https:\/\/montedouro.pt\/wp-content\/uploads\/2026\/03\/Monte-d-ouro-house3-225x300.jpeg 225w, https:\/\/montedouro.pt\/wp-content\/uploads\/2026\/03\/Monte-d-ouro-house3-768x1024.jpeg 768w, https:\/\/montedouro.pt\/wp-content\/uploads\/2026\/03\/Monte-d-ouro-house3-1152x1536.jpeg 1152w, https:\/\/montedouro.pt\/wp-content\/uploads\/2026\/03\/Monte-d-ouro-house3-892x1189.jpeg 892w\" sizes=\"auto, (max-width: 1200px) 100vw, 1200px\" \/><\/figure>\n<\/div>\n\n\n\n<div class=\"wp-block-column is-layout-flow wp-block-column-is-layout-flow\">\n<figure class=\"wp-block-gallery has-nested-images columns-2 is-cropped wp-block-gallery-1 is-layout-flex wp-block-gallery-is-layout-flex\">\n<figure class=\"wp-block-image size-full\"><img loading=\"lazy\" decoding=\"async\" width=\"1200\" height=\"1600\" data-id=\"4564\" src=\"https:\/\/montedouro.pt\/wp-content\/uploads\/2026\/03\/Monte-d-ouro-property.jpeg\" alt=\"\" class=\"wp-image-4564\" srcset=\"https:\/\/montedouro.pt\/wp-content\/uploads\/2026\/03\/Monte-d-ouro-property.jpeg 1200w, https:\/\/montedouro.pt\/wp-content\/uploads\/2026\/03\/Monte-d-ouro-property-225x300.jpeg 225w, https:\/\/montedouro.pt\/wp-content\/uploads\/2026\/03\/Monte-d-ouro-property-768x1024.jpeg 768w, https:\/\/montedouro.pt\/wp-content\/uploads\/2026\/03\/Monte-d-ouro-property-1152x1536.jpeg 1152w, https:\/\/montedouro.pt\/wp-content\/uploads\/2026\/03\/Monte-d-ouro-property-892x1189.jpeg 892w\" sizes=\"auto, (max-width: 1200px) 100vw, 1200px\" \/><\/figure>\n\n\n\n<figure class=\"wp-block-image size-full\"><img loading=\"lazy\" decoding=\"async\" width=\"1200\" height=\"1600\" data-id=\"4537\" src=\"https:\/\/montedouro.pt\/wp-content\/uploads\/2025\/04\/Monte-d-ouro-terrace5.jpeg\" alt=\"\" class=\"wp-image-4537\" srcset=\"https:\/\/montedouro.pt\/wp-content\/uploads\/2025\/04\/Monte-d-ouro-terrace5.jpeg 1200w, https:\/\/montedouro.pt\/wp-content\/uploads\/2025\/04\/Monte-d-ouro-terrace5-225x300.jpeg 225w, https:\/\/montedouro.pt\/wp-content\/uploads\/2025\/04\/Monte-d-ouro-terrace5-768x1024.jpeg 768w, https:\/\/montedouro.pt\/wp-content\/uploads\/2025\/04\/Monte-d-ouro-terrace5-1152x1536.jpeg 1152w, https:\/\/montedouro.pt\/wp-content\/uploads\/2025\/04\/Monte-d-ouro-terrace5-892x1189.jpeg 892w\" sizes=\"auto, (max-width: 1200px) 100vw, 1200px\" \/><\/figure>\n\n\n\n<figure class=\"wp-block-image size-full\"><img loading=\"lazy\" decoding=\"async\" width=\"2560\" height=\"1703\" data-id=\"4545\" src=\"https:\/\/montedouro.pt\/wp-content\/uploads\/2026\/03\/retreat-waterfall-scaled.jpg\" alt=\"\" class=\"wp-image-4545\" srcset=\"https:\/\/montedouro.pt\/wp-content\/uploads\/2026\/03\/retreat-waterfall-scaled.jpg 2560w, https:\/\/montedouro.pt\/wp-content\/uploads\/2026\/03\/retreat-waterfall-300x200.jpg 300w, https:\/\/montedouro.pt\/wp-content\/uploads\/2026\/03\/retreat-waterfall-1024x681.jpg 1024w, https:\/\/montedouro.pt\/wp-content\/uploads\/2026\/03\/retreat-waterfall-768x511.jpg 768w, https:\/\/montedouro.pt\/wp-content\/uploads\/2026\/03\/retreat-waterfall-1536x1022.jpg 1536w, https:\/\/montedouro.pt\/wp-content\/uploads\/2026\/03\/retreat-waterfall-2048x1363.jpg 2048w, https:\/\/montedouro.pt\/wp-content\/uploads\/2026\/03\/retreat-waterfall-892x594.jpg 892w, https:\/\/montedouro.pt\/wp-content\/uploads\/2026\/03\/retreat-waterfall-1350x898.jpg 1350w, https:\/\/montedouro.pt\/wp-content\/uploads\/2026\/03\/retreat-waterfall-1920x1278.jpg 1920w\" sizes=\"auto, (max-width: 2560px) 100vw, 2560px\" \/><\/figure>\n\n\n\n<figure class=\"wp-block-image size-full\"><img loading=\"lazy\" decoding=\"async\" width=\"2560\" height=\"1707\" data-id=\"4544\" src=\"https:\/\/montedouro.pt\/wp-content\/uploads\/2026\/03\/Hiking-scaled.jpg\" alt=\"\" class=\"wp-image-4544\" srcset=\"https:\/\/montedouro.pt\/wp-content\/uploads\/2026\/03\/Hiking-scaled.jpg 2560w, https:\/\/montedouro.pt\/wp-content\/uploads\/2026\/03\/Hiking-300x200.jpg 300w, https:\/\/montedouro.pt\/wp-content\/uploads\/2026\/03\/Hiking-1024x683.jpg 1024w, https:\/\/montedouro.pt\/wp-content\/uploads\/2026\/03\/Hiking-768x512.jpg 768w, https:\/\/montedouro.pt\/wp-content\/uploads\/2026\/03\/Hiking-1536x1024.jpg 1536w, https:\/\/montedouro.pt\/wp-content\/uploads\/2026\/03\/Hiking-2048x1365.jpg 2048w, https:\/\/montedouro.pt\/wp-content\/uploads\/2026\/03\/Hiking-892x595.jpg 892w, https:\/\/montedouro.pt\/wp-content\/uploads\/2026\/03\/Hiking-1350x900.jpg 1350w, https:\/\/montedouro.pt\/wp-content\/uploads\/2026\/03\/Hiking-1920x1280.jpg 1920w\" sizes=\"auto, (max-width: 2560px) 100vw, 2560px\" \/><\/figure>\n<\/figure>\n<\/div>\n<\/div>\n\n\n\n<div class=\"wp-block-getwid-advanced-heading\" style=\"margin-bottom:25px;margin-top:70px\"><h2 class=\"wp-block-getwid-advanced-heading__content\" style=\"text-align:center;font-family:&quot;Caudex&quot;;font-weight:normal\">A Experi\u00eancia de Retiro<\/h2><\/div>\n\n\n\n<div class=\"wp-block-getwid-advanced-heading\" style=\"margin-bottom:45px\"><span class=\"wp-block-getwid-advanced-heading__content\" style=\"text-align:center\">No Monte D&#8217;Ouro, acreditamos no poder transformador da natureza e da tranquilidade. A nossa experi\u00eancia de retiro \u00e9 cuidadosamente pensada para te ajudar a desligar do stress e a reconectar-te com a tua paz interior. <\/span><\/div>\n\n\n\n<div class=\"wp-block-columns has-3-columns is-layout-flex wp-container-core-columns-is-layout-28f84493 wp-block-columns-is-layout-flex\">\n<div class=\"wp-block-column is-layout-flow wp-block-column-is-layout-flow\">\n<div class=\"wp-block-getwid-section is-style-fit-parent is-style-default\"><div class=\"wp-block-getwid-section__wrapper getwid-padding-bottom-medium getwid-padding-left-medium getwid-padding-right-medium getwid-padding-tablet-top-medium getwid-align-items-flex-start\" style=\"padding-top:40px\"><div class=\"wp-block-getwid-section__inner-wrapper\"><div class=\"wp-block-getwid-section__background-holder\"><div class=\"wp-block-getwid-section__background has-background has-white-background-color\"><\/div><div class=\"wp-block-getwid-section__foreground\"><\/div><\/div><div class=\"wp-block-getwid-section__content\"><div class=\"wp-block-getwid-section__inner-content\">\n<div class=\"wp-block-getwid-icon-box getwid-animation has-text-center\" data-animation=\"slideBottom\"><div style=\"margin-bottom:30px\" class=\"wp-block-getwid-icon-box__icon-container is-position-top\"><a href=\"#\" class=\"wp-block-getwid-icon-box__icon-wrapper\"><i class=\"fas fa-peace\"><\/i><\/a><\/div><div class=\"wp-block-getwid-icon-box__content\">\n<div class=\"wp-block-getwid-advanced-heading\" style=\"margin-bottom:10px\"><h4 class=\"wp-block-getwid-advanced-heading__content\">Ref\u00fagio Tranquilo<\/h4><\/div>\n\n\n\n<p class=\"has-small-font-size\">O Monte D\u2019Ouro \u00e9 mais do que alojamento \u2014 \u00e9 um santu\u00e1rio pensado para quem procura escapar \u00e0s exig\u00eancias da vida moderna. Encontra o teu equil\u00edbrio nos nossos espa\u00e7os tranquilos. <\/p>\n<\/div><\/div>\n<\/div><\/div><\/div><\/div><\/div>\n<\/div>\n\n\n\n<div class=\"wp-block-column is-layout-flow wp-block-column-is-layout-flow\">\n<div class=\"wp-block-getwid-section is-style-fit-parent is-style-default\"><div class=\"wp-block-getwid-section__wrapper getwid-padding-bottom-medium getwid-padding-left-medium getwid-padding-right-medium getwid-padding-tablet-top-medium getwid-align-items-flex-start\" style=\"padding-top:40px\"><div class=\"wp-block-getwid-section__inner-wrapper\"><div class=\"wp-block-getwid-section__background-holder\"><div class=\"wp-block-getwid-section__background has-background has-white-background-color\"><\/div><div class=\"wp-block-getwid-section__foreground\"><\/div><\/div><div class=\"wp-block-getwid-section__content\"><div class=\"wp-block-getwid-section__inner-content\">\n<div class=\"wp-block-getwid-icon-box getwid-animation has-text-center\" data-animation=\"slideBottom\"><div style=\"margin-bottom:30px\" class=\"wp-block-getwid-icon-box__icon-container is-position-top\"><a href=\"#\" class=\"wp-block-getwid-icon-box__icon-wrapper\"><i class=\"fas fa-heartbeat\"><\/i><\/a><\/div><div class=\"wp-block-getwid-icon-box__content\">\n<div class=\"wp-block-getwid-advanced-heading\" style=\"margin-bottom:10px\"><h4 class=\"wp-block-getwid-advanced-heading__content\">Atividades de Bem-Estar<\/h4><\/div>\n\n\n\n<p class=\"has-small-font-size\">Envolve-te em pr\u00e1ticas conscientes, incluindo medita\u00e7\u00e3o, caminhadas na natureza e momentos de contempla\u00e7\u00e3o no teu terra\u00e7o privado. Reconecta-te contigo e com o mundo natural. <\/p>\n<\/div><\/div>\n<\/div><\/div><\/div><\/div><\/div>\n<\/div>\n\n\n\n<div class=\"wp-block-column is-layout-flow wp-block-column-is-layout-flow\">\n<div class=\"wp-block-getwid-section is-style-fit-parent is-style-default\"><div class=\"wp-block-getwid-section__wrapper getwid-padding-top-medium getwid-padding-bottom-medium getwid-padding-left-medium getwid-padding-right-medium getwid-align-items-flex-start\"><div class=\"wp-block-getwid-section__inner-wrapper\"><div class=\"wp-block-getwid-section__background-holder\"><div class=\"wp-block-getwid-section__background has-background has-white-background-color\"><\/div><div class=\"wp-block-getwid-section__foreground\"><\/div><\/div><div class=\"wp-block-getwid-section__content\"><div class=\"wp-block-getwid-section__inner-content\">\n<div class=\"wp-block-getwid-icon-box getwid-animation has-text-center\" data-animation=\"slideBottom\"><div style=\"margin-bottom:30px\" class=\"wp-block-getwid-icon-box__icon-container is-position-top\"><a href=\"#\" class=\"wp-block-getwid-icon-box__icon-wrapper\"><i class=\"fas fa-camera-retro\"><\/i><\/a><\/div><div class=\"wp-block-getwid-icon-box__content\">\n<div class=\"wp-block-getwid-advanced-heading\" style=\"margin-bottom:10px\"><h4 class=\"wp-block-getwid-advanced-heading__content\">Vistas Panor\u00e2micas<\/h4><\/div>\n\n\n\n<p class=\"has-small-font-size\">Acorda com vistas deslumbrantes para a Serra de Sintra e para o horizonte costeiro. Cada nascer do sol traz nova energia, e cada p\u00f4r do sol convida a uma reflex\u00e3o serena. <\/p>\n<\/div><\/div>\n<\/div><\/div><\/div><\/div><\/div>\n<\/div>\n<\/div>\n\n\n\n<div style=\"height:25px\" aria-hidden=\"true\" class=\"wp-block-spacer\"><\/div>\n\n\n\n<div style=\"height:45px\" aria-hidden=\"true\" class=\"wp-block-spacer\"><\/div>\n\n\n\n<hr class=\"wp-block-separator has-text-color has-alpha-channel-opacity has-background is-style-wide\" style=\"background-color:#dcd9d6;color:#dcd9d6\"\/>\n\n\n\n<div class=\"wp-block-getwid-advanced-heading\" style=\"margin-bottom:24px;margin-top:55px\"><h2 class=\"wp-block-getwid-advanced-heading__content\" style=\"text-align:center;font-family:&quot;Caudex&quot;;font-weight:normal\">Verifica a disponibilidade abaixo<\/h2><\/div>\n\n\n\n<div class=\"wp-block-getwid-advanced-heading\" style=\"margin-bottom:45px\"><span class=\"wp-block-getwid-advanced-heading__content\" style=\"text-align:center\">Tamb\u00e9m podes pesquisar no formul\u00e1rio de marca\u00e7\u00f5es.<\/span><\/div>\n\n\n\n\n\n<div class=\"wp-block-columns is-layout-flex wp-container-core-columns-is-layout-28f84493 wp-block-columns-is-layout-flex\">\n<div class=\"wp-block-column is-layout-flow wp-block-column-is-layout-flow\" style=\"flex-basis:66.66%\"><div class=\"mphb_sc_availability_calendar-wrapper\">\t<div class=\"mphb-calendar mphb-datepick inlinePicker mphb-calendar--direct-booking\" data-room-type-id=\"3719\" data-is_show_prices=\"0\" data-is_truncate_prices=\"1\" data-is_show_prices_currency=\"0\" data-first_available_check_in_date=\"2026-04-20\"><\/div>\n\t<\/div><\/div>\n\n\n\n<div class=\"wp-block-column is-layout-flow wp-block-column-is-layout-flow\" style=\"flex-basis:33.33%\"><div class=\"mphb_sc_search-wrapper \">\n<form method=\"GET\" class=\"mphb_sc_search-form\" action=\"https:\/\/montedouro.pt\/pt-pt\/resultados-da-pesquisa-2\/\" data-first_available_check_in_date=\"2026-04-20\">\n\n\t\n\t<p class=\"mphb_sc_search-check-in-date\">\n\t\t<label for=\"mphb_check_in_date-mphb-search-form-69e4cc06f0f10\">\n\t\t\tCheck-in\t\t\t<abbr title=\"Formatada como dd\/mm\/yyyy\">*<\/abbr>\n\t\t<\/label>\n\t\t<br \/>\n\t\t<input\n\t\t\tid=\"mphb_check_in_date-mphb-search-form-69e4cc06f0f10\"\n\t\t\tdata-datepick-group=\"mphb-search-form-69e4cc06f0f10\"\n\t\t\tvalue=\"\"\n\t\t\tplaceholder=\"Data do Check-in\"\n\t\t\trequired=\"required\"\n\t\t\ttype=\"text\"\n\t\t\tinputmode=\"none\"\n\t\t\tname=\"mphb_check_in_date\"\n\t\t\tclass=\"mphb-datepick\"\n\t\t\tautocomplete=\"off\"\n\t\t\t\/>\n\t<\/p>\n\n\t<p class=\"mphb_sc_search-check-out-date\">\n\t\t<label for=\"mphb_check_out_date-mphb-search-form-69e4cc06f0f10\">\n\t\t\tCheck-out\t\t\t<abbr title=\"Formatada como dd\/mm\/yyyy\">*<\/abbr>\n\t\t<\/label>\n\t\t<br \/>\n\t\t<input\n\t\t\tid=\"mphb_check_out_date-mphb-search-form-69e4cc06f0f10\"\n\t\t\tdata-datepick-group=\"mphb-search-form-69e4cc06f0f10\"\n\t\t\tvalue=\"\"\n\t\t\tplaceholder=\"Data do Check-out\"\n\t\t\trequired=\"required\"\n\t\t\ttype=\"text\"\n\t\t\tinputmode=\"none\"\n\t\t\tname=\"mphb_check_out_date\"\n\t\t\tclass=\"mphb-datepick\"\n\t\t\tautocomplete=\"off\"\n\t\t\t\/>\n\t<\/p>\n\n\t\t\t<p class=\"mphb_sc_search-adults\">\n\t\t\t<label for=\"mphb_adults-mphb-search-form-69e4cc06f0f10\">\n\t\t\t\tAdultos\t\t\t<\/label>\n\t\t\t<br \/>\n\t\t\t<select id=\"mphb_adults-mphb-search-form-69e4cc06f0f10\" name=\"mphb_adults\" >\n\t\t\t\t\t\t\t\t\t<option value=\"1\"  selected='selected'>1<\/option>\n\t\t\t\t\t\t\t\t\t<option value=\"2\" >2<\/option>\n\t\t\t\t\t\t\t\t\t<option value=\"3\" >3<\/option>\n\t\t\t\t\t\t\t\t\t<option value=\"4\" >4<\/option>\n\t\t\t\t\t\t\t<\/select>\n\t\t<\/p>\n\t\n\t\t\t<p class=\"mphb_sc_search-children\">\n\t\t\t<label for=\"mphb_children-mphb-search-form-69e4cc06f0f10\">\n\t\t\t\tCrian\u00e7as\t\t\t<\/label>\n\t\t\t<br \/>\n\t\t\t<select id=\"mphb_children-mphb-search-form-69e4cc06f0f10\" name=\"mphb_children\">\n\t\t\t\t\t\t\t\t\t<option value=\"0\"  selected='selected'>0<\/option>\n\t\t\t\t\t\t\t\t\t<option value=\"1\" >1<\/option>\n\t\t\t\t\t\t\t\t\t<option value=\"2\" >2<\/option>\n\t\t\t\t\t\t\t\t\t<option value=\"3\" >3<\/option>\n\t\t\t\t\t\t\t\t\t<option value=\"4\" >4<\/option>\n\t\t\t\t\t\t\t<\/select>\n\t\t<\/p>\n\t\n\t\n\t\n\t<input id=\"mphb_check_in_date-mphb-search-form-69e4cc06f0f10-hidden\" value=\"\" type=\"hidden\" name=\"mphb_check_in_date\" \/><input id=\"mphb_check_out_date-mphb-search-form-69e4cc06f0f10-hidden\" value=\"\" type=\"hidden\" name=\"mphb_check_out_date\" \/>\n\t<p class=\"mphb_sc_search-submit-button-wrapper\">\n\t\t<input type=\"submit\" class=\"button\" value=\"Pesquisa\"\/>\n\t<\/p>\n\n\t\n<\/form>\n<\/div><\/div>\n<\/div>\n\n\n\n<p><\/p>\n","protected":false},"excerpt":{"rendered":"<p>No Monte D&#8217;Ouro, acreditamos no poder transformador da natureza e da tranquilidade. A nossa experi\u00eancia de retiro \u00e9 cuidadosamente pensada para te ajudar a desligar do stress e a reconectar-te com a tua paz interior. Onde a serenidade da serra se encontra com a beleza da costa, no cora\u00e7\u00e3o de Sesimbra, envolve-te em pr\u00e1ticas conscientes, [&hellip;]<\/p>\n","protected":false},"author":1,"featured_media":5355,"parent":0,"menu_order":3,"comment_status":"closed","ping_status":"closed","template":"template-canvas-header-wide-page.php","meta":{"inline_featured_image":false,"footnotes":""},"class_list":["post-4987","page","type-page","status-publish","has-post-thumbnail","hentry"],"yoast_head":"<!-- This site is optimized with the Yoast SEO plugin v27.4 - https:\/\/yoast.com\/product\/yoast-seo-wordpress\/ -->\n<title>Sobre n\u00f3s - Monte D&#039;Ouro<\/title>\n<meta name=\"robots\" content=\"index, follow, max-snippet:-1, max-image-preview:large, max-video-preview:-1\" \/>\n<link rel=\"canonical\" href=\"https:\/\/montedouro.pt\/pt-pt\/sobre-nos\/\" \/>\n<meta property=\"og:locale\" content=\"pt_PT\" \/>\n<meta property=\"og:type\" content=\"article\" \/>\n<meta property=\"og:title\" content=\"Sobre n\u00f3s - Monte D&#039;Ouro\" \/>\n<meta property=\"og:description\" content=\"No Monte D&#8217;Ouro, acreditamos no poder transformador da natureza e da tranquilidade. A nossa experi\u00eancia de retiro \u00e9 cuidadosamente pensada para te ajudar a desligar do stress e a reconectar-te com a tua paz interior. Onde a serenidade da serra se encontra com a beleza da costa, no cora\u00e7\u00e3o de Sesimbra, envolve-te em pr\u00e1ticas conscientes, [&hellip;]\" \/>\n<meta property=\"og:url\" content=\"https:\/\/montedouro.pt\/pt-pt\/sobre-nos\/\" \/>\n<meta property=\"og:site_name\" content=\"Monte D&#039;Ouro\" \/>\n<meta property=\"article:modified_time\" content=\"2026-04-13T00:10:25+00:00\" \/>\n<meta property=\"og:image\" content=\"https:\/\/montedouro.pt\/wp-content\/uploads\/2026\/03\/Monte-d-ouro-property12.jpeg\" \/>\n\t<meta property=\"og:image:width\" content=\"1200\" \/>\n\t<meta property=\"og:image:height\" content=\"1600\" \/>\n\t<meta property=\"og:image:type\" content=\"image\/jpeg\" \/>\n<meta name=\"twitter:card\" content=\"summary_large_image\" \/>\n<meta name=\"twitter:label1\" content=\"Tempo estimado de leitura\" \/>\n\t<meta name=\"twitter:data1\" content=\"2 minutos\" \/>\n<script type=\"application\/ld+json\" class=\"yoast-schema-graph\">{\"@context\":\"https:\\\/\\\/schema.org\",\"@graph\":[{\"@type\":\"WebPage\",\"@id\":\"https:\\\/\\\/montedouro.pt\\\/pt-pt\\\/sobre-nos\\\/\",\"url\":\"https:\\\/\\\/montedouro.pt\\\/pt-pt\\\/sobre-nos\\\/\",\"name\":\"Sobre n\u00f3s - Monte D'Ouro\",\"isPartOf\":{\"@id\":\"https:\\\/\\\/montedouro.pt\\\/pt-pt\\\/#website\"},\"primaryImageOfPage\":{\"@id\":\"https:\\\/\\\/montedouro.pt\\\/pt-pt\\\/sobre-nos\\\/#primaryimage\"},\"image\":{\"@id\":\"https:\\\/\\\/montedouro.pt\\\/pt-pt\\\/sobre-nos\\\/#primaryimage\"},\"thumbnailUrl\":\"https:\\\/\\\/montedouro.pt\\\/wp-content\\\/uploads\\\/2026\\\/03\\\/Monte-d-ouro-property12.jpeg\",\"datePublished\":\"2025-03-28T16:17:58+00:00\",\"dateModified\":\"2026-04-13T00:10:25+00:00\",\"breadcrumb\":{\"@id\":\"https:\\\/\\\/montedouro.pt\\\/pt-pt\\\/sobre-nos\\\/#breadcrumb\"},\"inLanguage\":\"pt-PT\",\"potentialAction\":[{\"@type\":\"ReadAction\",\"target\":[\"https:\\\/\\\/montedouro.pt\\\/pt-pt\\\/sobre-nos\\\/\"]}]},{\"@type\":\"ImageObject\",\"inLanguage\":\"pt-PT\",\"@id\":\"https:\\\/\\\/montedouro.pt\\\/pt-pt\\\/sobre-nos\\\/#primaryimage\",\"url\":\"https:\\\/\\\/montedouro.pt\\\/wp-content\\\/uploads\\\/2026\\\/03\\\/Monte-d-ouro-property12.jpeg\",\"contentUrl\":\"https:\\\/\\\/montedouro.pt\\\/wp-content\\\/uploads\\\/2026\\\/03\\\/Monte-d-ouro-property12.jpeg\",\"width\":1200,\"height\":1600},{\"@type\":\"BreadcrumbList\",\"@id\":\"https:\\\/\\\/montedouro.pt\\\/pt-pt\\\/sobre-nos\\\/#breadcrumb\",\"itemListElement\":[{\"@type\":\"ListItem\",\"position\":1,\"name\":\"Home\",\"item\":\"https:\\\/\\\/montedouro.pt\\\/pt-pt\\\/\"},{\"@type\":\"ListItem\",\"position\":2,\"name\":\"Sobre n\u00f3s\"}]},{\"@type\":\"WebSite\",\"@id\":\"https:\\\/\\\/montedouro.pt\\\/pt-pt\\\/#website\",\"url\":\"https:\\\/\\\/montedouro.pt\\\/pt-pt\\\/\",\"name\":\"Monte D'Ouro\",\"description\":\"\",\"publisher\":{\"@id\":\"https:\\\/\\\/montedouro.pt\\\/pt-pt\\\/#organization\"},\"potentialAction\":[{\"@type\":\"SearchAction\",\"target\":{\"@type\":\"EntryPoint\",\"urlTemplate\":\"https:\\\/\\\/montedouro.pt\\\/pt-pt\\\/?s={search_term_string}\"},\"query-input\":{\"@type\":\"PropertyValueSpecification\",\"valueRequired\":true,\"valueName\":\"search_term_string\"}}],\"inLanguage\":\"pt-PT\"},{\"@type\":\"Organization\",\"@id\":\"https:\\\/\\\/montedouro.pt\\\/pt-pt\\\/#organization\",\"name\":\"Monte D'Ouro\",\"url\":\"https:\\\/\\\/montedouro.pt\\\/pt-pt\\\/\",\"logo\":{\"@type\":\"ImageObject\",\"inLanguage\":\"pt-PT\",\"@id\":\"https:\\\/\\\/montedouro.pt\\\/pt-pt\\\/#\\\/schema\\\/logo\\\/image\\\/\",\"url\":\"https:\\\/\\\/montedouro.pt\\\/wp-content\\\/uploads\\\/2026\\\/03\\\/Monte-D-ouro-logo-250x250-1.png\",\"contentUrl\":\"https:\\\/\\\/montedouro.pt\\\/wp-content\\\/uploads\\\/2026\\\/03\\\/Monte-D-ouro-logo-250x250-1.png\",\"width\":250,\"height\":250,\"caption\":\"Monte D'Ouro\"},\"image\":{\"@id\":\"https:\\\/\\\/montedouro.pt\\\/pt-pt\\\/#\\\/schema\\\/logo\\\/image\\\/\"},\"sameAs\":[\"https:\\\/\\\/www.instagram.com\\\/montedouro15\\\/\"]}]}<\/script>\n<!-- \/ Yoast SEO plugin. -->","yoast_head_json":{"title":"Sobre n\u00f3s - Monte D'Ouro","robots":{"index":"index","follow":"follow","max-snippet":"max-snippet:-1","max-image-preview":"max-image-preview:large","max-video-preview":"max-video-preview:-1"},"canonical":"https:\/\/montedouro.pt\/pt-pt\/sobre-nos\/","og_locale":"pt_PT","og_type":"article","og_title":"Sobre n\u00f3s - Monte D'Ouro","og_description":"No Monte D&#8217;Ouro, acreditamos no poder transformador da natureza e da tranquilidade. A nossa experi\u00eancia de retiro \u00e9 cuidadosamente pensada para te ajudar a desligar do stress e a reconectar-te com a tua paz interior. Onde a serenidade da serra se encontra com a beleza da costa, no cora\u00e7\u00e3o de Sesimbra, envolve-te em pr\u00e1ticas conscientes, [&hellip;]","og_url":"https:\/\/montedouro.pt\/pt-pt\/sobre-nos\/","og_site_name":"Monte D'Ouro","article_modified_time":"2026-04-13T00:10:25+00:00","og_image":[{"width":1200,"height":1600,"url":"https:\/\/montedouro.pt\/wp-content\/uploads\/2026\/03\/Monte-d-ouro-property12.jpeg","type":"image\/jpeg"}],"twitter_card":"summary_large_image","twitter_misc":{"Tempo estimado de leitura":"2 minutos"},"schema":{"@context":"https:\/\/schema.org","@graph":[{"@type":"WebPage","@id":"https:\/\/montedouro.pt\/pt-pt\/sobre-nos\/","url":"https:\/\/montedouro.pt\/pt-pt\/sobre-nos\/","name":"Sobre n\u00f3s - Monte D'Ouro","isPartOf":{"@id":"https:\/\/montedouro.pt\/pt-pt\/#website"},"primaryImageOfPage":{"@id":"https:\/\/montedouro.pt\/pt-pt\/sobre-nos\/#primaryimage"},"image":{"@id":"https:\/\/montedouro.pt\/pt-pt\/sobre-nos\/#primaryimage"},"thumbnailUrl":"https:\/\/montedouro.pt\/wp-content\/uploads\/2026\/03\/Monte-d-ouro-property12.jpeg","datePublished":"2025-03-28T16:17:58+00:00","dateModified":"2026-04-13T00:10:25+00:00","breadcrumb":{"@id":"https:\/\/montedouro.pt\/pt-pt\/sobre-nos\/#breadcrumb"},"inLanguage":"pt-PT","potentialAction":[{"@type":"ReadAction","target":["https:\/\/montedouro.pt\/pt-pt\/sobre-nos\/"]}]},{"@type":"ImageObject","inLanguage":"pt-PT","@id":"https:\/\/montedouro.pt\/pt-pt\/sobre-nos\/#primaryimage","url":"https:\/\/montedouro.pt\/wp-content\/uploads\/2026\/03\/Monte-d-ouro-property12.jpeg","contentUrl":"https:\/\/montedouro.pt\/wp-content\/uploads\/2026\/03\/Monte-d-ouro-property12.jpeg","width":1200,"height":1600},{"@type":"BreadcrumbList","@id":"https:\/\/montedouro.pt\/pt-pt\/sobre-nos\/#breadcrumb","itemListElement":[{"@type":"ListItem","position":1,"name":"Home","item":"https:\/\/montedouro.pt\/pt-pt\/"},{"@type":"ListItem","position":2,"name":"Sobre n\u00f3s"}]},{"@type":"WebSite","@id":"https:\/\/montedouro.pt\/pt-pt\/#website","url":"https:\/\/montedouro.pt\/pt-pt\/","name":"Monte D'Ouro","description":"","publisher":{"@id":"https:\/\/montedouro.pt\/pt-pt\/#organization"},"potentialAction":[{"@type":"SearchAction","target":{"@type":"EntryPoint","urlTemplate":"https:\/\/montedouro.pt\/pt-pt\/?s={search_term_string}"},"query-input":{"@type":"PropertyValueSpecification","valueRequired":true,"valueName":"search_term_string"}}],"inLanguage":"pt-PT"},{"@type":"Organization","@id":"https:\/\/montedouro.pt\/pt-pt\/#organization","name":"Monte D'Ouro","url":"https:\/\/montedouro.pt\/pt-pt\/","logo":{"@type":"ImageObject","inLanguage":"pt-PT","@id":"https:\/\/montedouro.pt\/pt-pt\/#\/schema\/logo\/image\/","url":"https:\/\/montedouro.pt\/wp-content\/uploads\/2026\/03\/Monte-D-ouro-logo-250x250-1.png","contentUrl":"https:\/\/montedouro.pt\/wp-content\/uploads\/2026\/03\/Monte-D-ouro-logo-250x250-1.png","width":250,"height":250,"caption":"Monte D'Ouro"},"image":{"@id":"https:\/\/montedouro.pt\/pt-pt\/#\/schema\/logo\/image\/"},"sameAs":["https:\/\/www.instagram.com\/montedouro15\/"]}]}},"_links":{"self":[{"href":"https:\/\/montedouro.pt\/pt-pt\/wp-json\/wp\/v2\/pages\/4987","targetHints":{"allow":["GET"]}}],"collection":[{"href":"https:\/\/montedouro.pt\/pt-pt\/wp-json\/wp\/v2\/pages"}],"about":[{"href":"https:\/\/montedouro.pt\/pt-pt\/wp-json\/wp\/v2\/types\/page"}],"author":[{"embeddable":true,"href":"https:\/\/montedouro.pt\/pt-pt\/wp-json\/wp\/v2\/users\/1"}],"replies":[{"embeddable":true,"href":"https:\/\/montedouro.pt\/pt-pt\/wp-json\/wp\/v2\/comments?post=4987"}],"version-history":[{"count":4,"href":"https:\/\/montedouro.pt\/pt-pt\/wp-json\/wp\/v2\/pages\/4987\/revisions"}],"predecessor-version":[{"id":5235,"href":"https:\/\/montedouro.pt\/pt-pt\/wp-json\/wp\/v2\/pages\/4987\/revisions\/5235"}],"wp:featuredmedia":[{"embeddable":true,"href":"https:\/\/montedouro.pt\/pt-pt\/wp-json\/wp\/v2\/media\/5355"}],"wp:attachment":[{"href":"https:\/\/montedouro.pt\/pt-pt\/wp-json\/wp\/v2\/media?parent=4987"}],"curies":[{"name":"wp","href":"https:\/\/api.w.org\/{rel}","templated":true}]}}