{"id":4833,"date":"2025-03-28T16:19:11","date_gmt":"2025-03-28T16:19:11","guid":{"rendered":"https:\/\/montedouro.pt\/contacta-nos\/"},"modified":"2026-04-13T18:22:47","modified_gmt":"2026-04-13T18:22:47","slug":"contacta-nos","status":"publish","type":"page","link":"https:\/\/montedouro.pt\/pt-pt\/contacta-nos\/","title":{"rendered":"Contacta-nos"},"content":{"rendered":"\n<div class=\"wp-block-columns has-2-columns is-layout-flex wp-container-core-columns-is-layout-28f84493 wp-block-columns-is-layout-flex\">\n<div class=\"wp-block-column is-layout-flow wp-block-column-is-layout-flow\">\n<div class=\"wp-block-getwid-advanced-heading\" style=\"margin-bottom:25px\"><h2 class=\"wp-block-getwid-advanced-heading__content\" style=\"font-family:&quot;Caudex&quot;;font-weight:normal\">Como te podemos ajudar hoje?<\/h2><\/div>\n\n\n\n<p>Sente-te \u00e0 vontade para nos contactares diretamente se tiveres alguma d\u00favida sobre o alojamento; adorar\u00edamos que ficasses connosco.<\/p>\n\n\n\n<p>Basta preencheres os teus dados pessoais e entraremos em contacto contigo. Normalmente, a equipa de apoio responde no prazo de um dia \u00fatil, para que n\u00e3o tenhas de esperar. Ou liga-nos diretamente pelo telefone.   <\/p>\n\n\n\n<div style=\"margin-top:0px;margin-bottom:0px;height:20px\" aria-hidden=\"true\" class=\"wp-block-spacer\"><\/div>\n\n\n\n<div class=\"wp-block-getwid-advanced-heading has-custom-font-size\" style=\"font-size:14px;margin-bottom:0px\"><span class=\"wp-block-getwid-advanced-heading__content has-text-color has-color-3-color\">Morada<\/span><\/div>\n\n\n\n<div class=\"wp-block-getwid-advanced-heading has-custom-font-size\" style=\"font-size:normal\"><span class=\"wp-block-getwid-advanced-heading__content has-text-color has-arsenic-color\" style=\"font-weight:500\">Rua do Ouro 15<br>2970-247 Zambujal de Cima<br>Sesimbra, Portugal<\/span><\/div>\n\n\n\n<div class=\"wp-block-getwid-advanced-heading has-custom-font-size\" style=\"font-size:14px;margin-bottom:0px\"><span class=\"wp-block-getwid-advanced-heading__content has-text-color has-color-3-color\">Telefone <\/span><\/div>\n\n\n\n<div class=\"wp-block-getwid-advanced-heading has-custom-font-size\" style=\"font-size:normal\"><span class=\"wp-block-getwid-advanced-heading__content has-text-color has-arsenic-color\" style=\"font-weight:500\"><a href=\"tel:19544566789\">  +351 918 225 225<\/a><\/span><\/div>\n\n\n\n<div class=\"wp-block-getwid-advanced-heading has-custom-font-size\" style=\"font-size:14px;margin-bottom:0px\"><span class=\"wp-block-getwid-advanced-heading__content has-text-color has-color-3-color\">WhatsApp <\/span><\/div>\n\n\n\n<div class=\"wp-block-getwid-advanced-heading has-custom-font-size\" style=\"font-size:normal\"><span class=\"wp-block-getwid-advanced-heading__content has-text-color has-arsenic-color\" style=\"font-weight:500\"><a href=\"tel:19544566789\">  +351 918 225 225<\/a><\/span><\/div>\n\n\n\n<div class=\"wp-block-getwid-advanced-heading has-custom-font-size\" style=\"font-size:14px;margin-bottom:0px\"><span class=\"wp-block-getwid-advanced-heading__content has-text-color has-color-3-color\">E-mail<\/span><\/div>\n\n\n\n<div class=\"wp-block-getwid-advanced-heading has-custom-font-size\" style=\"font-size:normal\"><span class=\"wp-block-getwid-advanced-heading__content has-text-color has-arsenic-color\" style=\"font-weight:500\"><a href=\"mailto:hello@booklium.com\">montedouro15@gmail.com<\/a> <\/span><\/div>\n<\/div>\n\n\n\n<div class=\"wp-block-column is-layout-flow wp-block-column-is-layout-flow\">\n<div class=\"wp-block-getwid-section is-style-default\"><div class=\"wp-block-getwid-section__wrapper getwid-padding-top-medium getwid-padding-bottom-medium getwid-padding-left-medium getwid-padding-right-medium\"><div class=\"wp-block-getwid-section__inner-wrapper\"><div class=\"wp-block-getwid-section__background-holder\"><div class=\"wp-block-getwid-section__background has-background has-white-background-color\"><\/div><div class=\"wp-block-getwid-section__foreground\"><\/div><\/div><div class=\"wp-block-getwid-section__content\"><div class=\"wp-block-getwid-section__inner-content\">        <div class=\"wp-block-getwid-contact-form\" >\n            <form class='wp-block-getwid-contact-form__form'>\n    \n        <p class='wp-block-getwid-field-name'>\n\t    <label\n        for='name-69e4cbfb56e4b'\n        class='wp-block-getwid-field-name__label'\n    >Your Name *<\/label>\n\t    <input id='name-69e4cbfb56e4b' type='text' name='name'            placeholder='Enter Your Name'             required=''\n            \/>\n<\/p>\n\n\n        <p class='wp-block-getwid-field-email'>\n\t    <label\n\t\tfor='email-69e4cbfb56ef4'\n        class='wp-block-getwid-field-email__label'\n    >Your Email *<\/label>\n\t    <input id='email-69e4cbfb56ef4' type='email' name='email'             placeholder='Enter Your Email'             required=''    \/>\n<\/p>\n\n\n        <p class='wp-block-getwid-field-textarea'>\n\t    <label\n\t\tfor='message-69e4cbfb56f70'\n        class='wp-block-getwid-field-textarea__label'\n    >Mensagem<\/label>\n\t    <textarea\n\t\tid='message-69e4cbfb56f70' rows='5' name='message'            placeholder='Comment'            required=''\n            ><\/textarea>\n<\/p>\n\n            <div class='wp-block-getwid-captcha' data-sitekey='6LerlaEsAAAAADJZgwWTAgYNYVeGWkGmB9yzPP_a'        data-theme=''>\n<\/div>\n\n    <input name='subject'             value='Monte D&#039;Ouro: Contacto Formul\u00e1rio'\t\ttype='hidden'\n\t\/>\n\n\t<p class='wp-block-getwid-contact-form__result'><\/p>\n\n\t<div class='wp-block-getwid-contact-form__submit'>\n\t\t<div class='wp-block-button'>\n\t\t\t<button\n\t\t\t\ttype='submit'\n\t\t\t\tclass='wp-block-button__link '\t\t\t\t\tstyle=''\t\t\t>Send Message<\/button>\n\t\t<\/div>\n\n\t<\/div>\n<\/form>\n        <\/div><\/div><\/div><\/div><\/div><\/div>\n<\/div>\n<\/div>\n\n\n\n<hr class=\"wp-block-separator has-text-color has-alpha-channel-opacity has-background is-style-wide\" style=\"background-color:#dcd9d6;color:#dcd9d6\"\/>\n\n\n\n<div data-map-zoom=\"10\" data-interaction=\"cooperative\" data-map-style=\"custom\" data-map-center=\"{&quot;lat&quot;:38.66081780763691,&quot;lng&quot;:-9.389106267158711}\" data-zoom-control=\"true\" data-type-control=\"true\" data-street-view-control=\"true\" data-full-screen-control=\"true\" data-map-markers=\"[{&quot;name&quot;:&quot;Monte D'Ouro&quot;,&quot;description&quot;:&quot;<strong&gt;Monte D'Ouro<\/strong&gt; Holiday Rental &amp; Retreat&quot;,&quot;popUpOpen&quot;:false,&quot;popUpMaxWidth&quot;:&quot;250&quot;,&quot;bounce&quot;:false,&quot;coords&quot;:{&quot;lat&quot;:38.44406940051357,&quot;lng&quot;:-9.140981281384954}}]\" class=\"wp-block-getwid-map\"><div style=\"height:600px\" class=\"wp-block-getwid-map__container\"><\/div><ul class=\"wp-block-getwid-map__points\"><li><a href=\"https:\/\/maps.google.com\/?q=38.44406940051357,-9.140981281384954&amp;ll=38.44406940051357,-9.140981281384954&amp;z=10\">Monte D&#8217;Ouro<\/a><\/li><\/ul><\/div>\n\n\n\n\n\n\n\n\n\n<p><\/p>\n","protected":false},"excerpt":{"rendered":"<p>Sente-te \u00e0 vontade para nos contactares diretamente se tiveres alguma d\u00favida sobre o alojamento; adorar\u00edamos que ficasses connosco. Basta preencheres os teus dados pessoais e entraremos em contacto contigo. Normalmente, a equipa de apoio responde no prazo de um dia \u00fatil, para que n\u00e3o tenhas de esperar. Ou liga-nos diretamente pelo telefone.<\/p>\n","protected":false},"author":1,"featured_media":4843,"parent":0,"menu_order":4,"comment_status":"closed","ping_status":"closed","template":"template-canvas-header-wide-page.php","meta":{"inline_featured_image":false,"footnotes":""},"class_list":["post-4833","page","type-page","status-publish","has-post-thumbnail","hentry"],"yoast_head":"<!-- This site is optimized with the Yoast SEO plugin v27.4 - https:\/\/yoast.com\/product\/yoast-seo-wordpress\/ -->\n<title>Contacta-nos - Monte D&#039;Ouro<\/title>\n<meta name=\"robots\" content=\"index, follow, max-snippet:-1, max-image-preview:large, max-video-preview:-1\" \/>\n<link rel=\"canonical\" href=\"https:\/\/montedouro.pt\/pt-pt\/contacta-nos\/\" \/>\n<meta property=\"og:locale\" content=\"pt_PT\" \/>\n<meta property=\"og:type\" content=\"article\" \/>\n<meta property=\"og:title\" content=\"Contacta-nos - Monte D&#039;Ouro\" \/>\n<meta property=\"og:description\" content=\"Sente-te \u00e0 vontade para nos contactares diretamente se tiveres alguma d\u00favida sobre o alojamento; adorar\u00edamos que ficasses connosco. Basta preencheres os teus dados pessoais e entraremos em contacto contigo. Normalmente, a equipa de apoio responde no prazo de um dia \u00fatil, para que n\u00e3o tenhas de esperar. Ou liga-nos diretamente pelo telefone.\" \/>\n<meta property=\"og:url\" content=\"https:\/\/montedouro.pt\/pt-pt\/contacta-nos\/\" \/>\n<meta property=\"og:site_name\" content=\"Monte D&#039;Ouro\" \/>\n<meta property=\"article:modified_time\" content=\"2026-04-13T18:22:47+00:00\" \/>\n<meta property=\"og:image\" content=\"https:\/\/montedouro.pt\/wp-content\/uploads\/2026\/03\/Sesimbra-sea-floor.jpg\" \/>\n\t<meta property=\"og:image:width\" content=\"2000\" \/>\n\t<meta property=\"og:image:height\" content=\"1125\" \/>\n\t<meta property=\"og:image:type\" content=\"image\/jpeg\" \/>\n<meta name=\"twitter:card\" content=\"summary_large_image\" \/>\n<meta name=\"twitter:label1\" content=\"Tempo estimado de leitura\" \/>\n\t<meta name=\"twitter:data1\" content=\"1 minuto\" \/>\n<script type=\"application\/ld+json\" class=\"yoast-schema-graph\">{\"@context\":\"https:\\\/\\\/schema.org\",\"@graph\":[{\"@type\":\"WebPage\",\"@id\":\"https:\\\/\\\/montedouro.pt\\\/pt-pt\\\/contacta-nos\\\/\",\"url\":\"https:\\\/\\\/montedouro.pt\\\/pt-pt\\\/contacta-nos\\\/\",\"name\":\"Contacta-nos - Monte D'Ouro\",\"isPartOf\":{\"@id\":\"https:\\\/\\\/montedouro.pt\\\/pt-pt\\\/#website\"},\"primaryImageOfPage\":{\"@id\":\"https:\\\/\\\/montedouro.pt\\\/pt-pt\\\/contacta-nos\\\/#primaryimage\"},\"image\":{\"@id\":\"https:\\\/\\\/montedouro.pt\\\/pt-pt\\\/contacta-nos\\\/#primaryimage\"},\"thumbnailUrl\":\"https:\\\/\\\/montedouro.pt\\\/wp-content\\\/uploads\\\/2026\\\/03\\\/Sesimbra-sea-floor.jpg\",\"datePublished\":\"2025-03-28T16:19:11+00:00\",\"dateModified\":\"2026-04-13T18:22:47+00:00\",\"breadcrumb\":{\"@id\":\"https:\\\/\\\/montedouro.pt\\\/pt-pt\\\/contacta-nos\\\/#breadcrumb\"},\"inLanguage\":\"pt-PT\",\"potentialAction\":[{\"@type\":\"ReadAction\",\"target\":[\"https:\\\/\\\/montedouro.pt\\\/pt-pt\\\/contacta-nos\\\/\"]}]},{\"@type\":\"ImageObject\",\"inLanguage\":\"pt-PT\",\"@id\":\"https:\\\/\\\/montedouro.pt\\\/pt-pt\\\/contacta-nos\\\/#primaryimage\",\"url\":\"https:\\\/\\\/montedouro.pt\\\/wp-content\\\/uploads\\\/2026\\\/03\\\/Sesimbra-sea-floor.jpg\",\"contentUrl\":\"https:\\\/\\\/montedouro.pt\\\/wp-content\\\/uploads\\\/2026\\\/03\\\/Sesimbra-sea-floor.jpg\",\"width\":2000,\"height\":1125},{\"@type\":\"BreadcrumbList\",\"@id\":\"https:\\\/\\\/montedouro.pt\\\/pt-pt\\\/contacta-nos\\\/#breadcrumb\",\"itemListElement\":[{\"@type\":\"ListItem\",\"position\":1,\"name\":\"Home\",\"item\":\"https:\\\/\\\/montedouro.pt\\\/pt-pt\\\/\"},{\"@type\":\"ListItem\",\"position\":2,\"name\":\"Contacta-nos\"}]},{\"@type\":\"WebSite\",\"@id\":\"https:\\\/\\\/montedouro.pt\\\/pt-pt\\\/#website\",\"url\":\"https:\\\/\\\/montedouro.pt\\\/pt-pt\\\/\",\"name\":\"Monte D'Ouro\",\"description\":\"\",\"publisher\":{\"@id\":\"https:\\\/\\\/montedouro.pt\\\/pt-pt\\\/#organization\"},\"potentialAction\":[{\"@type\":\"SearchAction\",\"target\":{\"@type\":\"EntryPoint\",\"urlTemplate\":\"https:\\\/\\\/montedouro.pt\\\/pt-pt\\\/?s={search_term_string}\"},\"query-input\":{\"@type\":\"PropertyValueSpecification\",\"valueRequired\":true,\"valueName\":\"search_term_string\"}}],\"inLanguage\":\"pt-PT\"},{\"@type\":\"Organization\",\"@id\":\"https:\\\/\\\/montedouro.pt\\\/pt-pt\\\/#organization\",\"name\":\"Monte D'Ouro\",\"url\":\"https:\\\/\\\/montedouro.pt\\\/pt-pt\\\/\",\"logo\":{\"@type\":\"ImageObject\",\"inLanguage\":\"pt-PT\",\"@id\":\"https:\\\/\\\/montedouro.pt\\\/pt-pt\\\/#\\\/schema\\\/logo\\\/image\\\/\",\"url\":\"https:\\\/\\\/montedouro.pt\\\/wp-content\\\/uploads\\\/2026\\\/03\\\/Monte-D-ouro-logo-250x250-1.png\",\"contentUrl\":\"https:\\\/\\\/montedouro.pt\\\/wp-content\\\/uploads\\\/2026\\\/03\\\/Monte-D-ouro-logo-250x250-1.png\",\"width\":250,\"height\":250,\"caption\":\"Monte D'Ouro\"},\"image\":{\"@id\":\"https:\\\/\\\/montedouro.pt\\\/pt-pt\\\/#\\\/schema\\\/logo\\\/image\\\/\"},\"sameAs\":[\"https:\\\/\\\/www.instagram.com\\\/montedouro15\\\/\"]}]}<\/script>\n<!-- \/ Yoast SEO plugin. -->","yoast_head_json":{"title":"Contacta-nos - Monte D'Ouro","robots":{"index":"index","follow":"follow","max-snippet":"max-snippet:-1","max-image-preview":"max-image-preview:large","max-video-preview":"max-video-preview:-1"},"canonical":"https:\/\/montedouro.pt\/pt-pt\/contacta-nos\/","og_locale":"pt_PT","og_type":"article","og_title":"Contacta-nos - Monte D'Ouro","og_description":"Sente-te \u00e0 vontade para nos contactares diretamente se tiveres alguma d\u00favida sobre o alojamento; adorar\u00edamos que ficasses connosco. Basta preencheres os teus dados pessoais e entraremos em contacto contigo. Normalmente, a equipa de apoio responde no prazo de um dia \u00fatil, para que n\u00e3o tenhas de esperar. Ou liga-nos diretamente pelo telefone.","og_url":"https:\/\/montedouro.pt\/pt-pt\/contacta-nos\/","og_site_name":"Monte D'Ouro","article_modified_time":"2026-04-13T18:22:47+00:00","og_image":[{"width":2000,"height":1125,"url":"https:\/\/montedouro.pt\/wp-content\/uploads\/2026\/03\/Sesimbra-sea-floor.jpg","type":"image\/jpeg"}],"twitter_card":"summary_large_image","twitter_misc":{"Tempo estimado de leitura":"1 minuto"},"schema":{"@context":"https:\/\/schema.org","@graph":[{"@type":"WebPage","@id":"https:\/\/montedouro.pt\/pt-pt\/contacta-nos\/","url":"https:\/\/montedouro.pt\/pt-pt\/contacta-nos\/","name":"Contacta-nos - Monte D'Ouro","isPartOf":{"@id":"https:\/\/montedouro.pt\/pt-pt\/#website"},"primaryImageOfPage":{"@id":"https:\/\/montedouro.pt\/pt-pt\/contacta-nos\/#primaryimage"},"image":{"@id":"https:\/\/montedouro.pt\/pt-pt\/contacta-nos\/#primaryimage"},"thumbnailUrl":"https:\/\/montedouro.pt\/wp-content\/uploads\/2026\/03\/Sesimbra-sea-floor.jpg","datePublished":"2025-03-28T16:19:11+00:00","dateModified":"2026-04-13T18:22:47+00:00","breadcrumb":{"@id":"https:\/\/montedouro.pt\/pt-pt\/contacta-nos\/#breadcrumb"},"inLanguage":"pt-PT","potentialAction":[{"@type":"ReadAction","target":["https:\/\/montedouro.pt\/pt-pt\/contacta-nos\/"]}]},{"@type":"ImageObject","inLanguage":"pt-PT","@id":"https:\/\/montedouro.pt\/pt-pt\/contacta-nos\/#primaryimage","url":"https:\/\/montedouro.pt\/wp-content\/uploads\/2026\/03\/Sesimbra-sea-floor.jpg","contentUrl":"https:\/\/montedouro.pt\/wp-content\/uploads\/2026\/03\/Sesimbra-sea-floor.jpg","width":2000,"height":1125},{"@type":"BreadcrumbList","@id":"https:\/\/montedouro.pt\/pt-pt\/contacta-nos\/#breadcrumb","itemListElement":[{"@type":"ListItem","position":1,"name":"Home","item":"https:\/\/montedouro.pt\/pt-pt\/"},{"@type":"ListItem","position":2,"name":"Contacta-nos"}]},{"@type":"WebSite","@id":"https:\/\/montedouro.pt\/pt-pt\/#website","url":"https:\/\/montedouro.pt\/pt-pt\/","name":"Monte D'Ouro","description":"","publisher":{"@id":"https:\/\/montedouro.pt\/pt-pt\/#organization"},"potentialAction":[{"@type":"SearchAction","target":{"@type":"EntryPoint","urlTemplate":"https:\/\/montedouro.pt\/pt-pt\/?s={search_term_string}"},"query-input":{"@type":"PropertyValueSpecification","valueRequired":true,"valueName":"search_term_string"}}],"inLanguage":"pt-PT"},{"@type":"Organization","@id":"https:\/\/montedouro.pt\/pt-pt\/#organization","name":"Monte D'Ouro","url":"https:\/\/montedouro.pt\/pt-pt\/","logo":{"@type":"ImageObject","inLanguage":"pt-PT","@id":"https:\/\/montedouro.pt\/pt-pt\/#\/schema\/logo\/image\/","url":"https:\/\/montedouro.pt\/wp-content\/uploads\/2026\/03\/Monte-D-ouro-logo-250x250-1.png","contentUrl":"https:\/\/montedouro.pt\/wp-content\/uploads\/2026\/03\/Monte-D-ouro-logo-250x250-1.png","width":250,"height":250,"caption":"Monte D'Ouro"},"image":{"@id":"https:\/\/montedouro.pt\/pt-pt\/#\/schema\/logo\/image\/"},"sameAs":["https:\/\/www.instagram.com\/montedouro15\/"]}]}},"_links":{"self":[{"href":"https:\/\/montedouro.pt\/pt-pt\/wp-json\/wp\/v2\/pages\/4833","targetHints":{"allow":["GET"]}}],"collection":[{"href":"https:\/\/montedouro.pt\/pt-pt\/wp-json\/wp\/v2\/pages"}],"about":[{"href":"https:\/\/montedouro.pt\/pt-pt\/wp-json\/wp\/v2\/types\/page"}],"author":[{"embeddable":true,"href":"https:\/\/montedouro.pt\/pt-pt\/wp-json\/wp\/v2\/users\/1"}],"replies":[{"embeddable":true,"href":"https:\/\/montedouro.pt\/pt-pt\/wp-json\/wp\/v2\/comments?post=4833"}],"version-history":[{"count":12,"href":"https:\/\/montedouro.pt\/pt-pt\/wp-json\/wp\/v2\/pages\/4833\/revisions"}],"predecessor-version":[{"id":5408,"href":"https:\/\/montedouro.pt\/pt-pt\/wp-json\/wp\/v2\/pages\/4833\/revisions\/5408"}],"wp:featuredmedia":[{"embeddable":true,"href":"https:\/\/montedouro.pt\/pt-pt\/wp-json\/wp\/v2\/media\/4843"}],"wp:attachment":[{"href":"https:\/\/montedouro.pt\/pt-pt\/wp-json\/wp\/v2\/media?parent=4833"}],"curies":[{"name":"wp","href":"https:\/\/api.w.org\/{rel}","templated":true}]}}